{"id":71,"date":"2023-05-03T23:03:36","date_gmt":"2023-05-03T21:03:36","guid":{"rendered":"https:\/\/kocky-sfcp.cz\/r\/?page_id=71"},"modified":"2023-05-03T23:03:36","modified_gmt":"2023-05-03T21:03:36","slug":"odkazy","status":"publish","type":"page","link":"https:\/\/kocky-sfcp.cz\/r\/odkazy\/","title":{"rendered":"Odkazy"},"content":{"rendered":"<div class=\"wp-block-image\">\n<figure class=\"aligncenter size-full\"><a href=\"https:\/\/www.schk.cz\/index.html\"><img loading=\"lazy\" decoding=\"async\" width=\"88\" height=\"87\" src=\"https:\/\/kocky-sfcp.cz\/wp-content\/uploads\/2023\/05\/schk1-1.jpg\" alt=\"\" class=\"wp-image-72\"\/><\/a><figcaption class=\"wp-element-caption\">Sdru\u017een\u00ed chovatel\u016f ko\u010dek<\/figcaption><\/figure>\n<\/div>\n\n<div class=\"wp-block-image\">\n<figure class=\"aligncenter size-full\"><a href=\"http:\/\/fifeweb.org\/index.php\"><img loading=\"lazy\" decoding=\"async\" width=\"88\" height=\"89\" src=\"https:\/\/kocky-sfcp.cz\/wp-content\/uploads\/2023\/05\/fife-1.jpg\" alt=\"\" class=\"wp-image-73\"\/><\/a><figcaption class=\"wp-element-caption\">FIF\u00e9<\/figcaption><\/figure>\n<\/div>\n\n<div class=\"wp-block-image\">\n<figure class=\"aligncenter size-full\"><a href=\"http:\/\/www.cschdz.eu\/\"><img loading=\"lazy\" decoding=\"async\" width=\"155\" height=\"155\" src=\"https:\/\/kocky-sfcp.cz\/wp-content\/uploads\/2023\/05\/csch.png\" alt=\"\" class=\"wp-image-74\" srcset=\"https:\/\/kocky-sfcp.cz\/wp-content\/uploads\/2023\/05\/csch.png 155w, https:\/\/kocky-sfcp.cz\/wp-content\/uploads\/2023\/05\/csch-150x150.png 150w, https:\/\/kocky-sfcp.cz\/wp-content\/uploads\/2023\/05\/csch-100x100.png 100w\" sizes=\"auto, (max-width: 155px) 100vw, 155px\" \/><\/a><figcaption class=\"wp-element-caption\">\u010cesk\u00fd svaz chovatel\u016f<\/figcaption><\/figure>\n<\/div>","protected":false},"excerpt":{"rendered":"","protected":false},"author":1,"featured_media":0,"parent":0,"menu_order":0,"comment_status":"closed","ping_status":"closed","template":"","meta":{"footnotes":""},"class_list":["post-71","page","type-page","status-publish","hentry"],"_links":{"self":[{"href":"https:\/\/kocky-sfcp.cz\/r\/wp-json\/wp\/v2\/pages\/71","targetHints":{"allow":["GET"]}}],"collection":[{"href":"https:\/\/kocky-sfcp.cz\/r\/wp-json\/wp\/v2\/pages"}],"about":[{"href":"https:\/\/kocky-sfcp.cz\/r\/wp-json\/wp\/v2\/types\/page"}],"author":[{"embeddable":true,"href":"https:\/\/kocky-sfcp.cz\/r\/wp-json\/wp\/v2\/users\/1"}],"replies":[{"embeddable":true,"href":"https:\/\/kocky-sfcp.cz\/r\/wp-json\/wp\/v2\/comments?post=71"}],"version-history":[{"count":1,"href":"https:\/\/kocky-sfcp.cz\/r\/wp-json\/wp\/v2\/pages\/71\/revisions"}],"predecessor-version":[{"id":75,"href":"https:\/\/kocky-sfcp.cz\/r\/wp-json\/wp\/v2\/pages\/71\/revisions\/75"}],"wp:attachment":[{"href":"https:\/\/kocky-sfcp.cz\/r\/wp-json\/wp\/v2\/media?parent=71"}],"curies":[{"name":"wp","href":"https:\/\/api.w.org\/{rel}","templated":true}]}}