{"id":43,"date":"2023-05-03T00:59:10","date_gmt":"2023-05-02T22:59:10","guid":{"rendered":"https:\/\/kocky-sfcp.cz\/r\/?page_id=43"},"modified":"2023-05-08T18:48:56","modified_gmt":"2023-05-08T16:48:56","slug":"predsednictvo","status":"publish","type":"page","link":"https:\/\/kocky-sfcp.cz\/r\/predsednictvo\/","title":{"rendered":"P\u0159edsednictvo \/ Kontakty"},"content":{"rendered":"\n<p><\/p>\n\n\n\n<figure class=\"wp-block-table\"><table><tbody><tr><td>P\u0159edsedkyn\u011b:<br><strong>Jana Fran\u010deov\u00e1<\/strong><\/td><td>propust@seznam.cz<br>+420 777 656 481<\/td><\/tr><tr><td>Jednatelka:<br><strong>Jana Mare\u0161ov\u00e1<\/strong><\/td><td>jana.j.maresova@seznam.cz<br>+420 603 329 215<\/td><\/tr><tr><td>Pokladn\u00edk:<br><strong>Diana Stuchl\u00edkov\u00e1<\/strong><\/td><td>studiana@seznam.cz<br>+420 606 642 054<\/td><\/tr><\/tbody><\/table><\/figure>\n\n\n\n<p>Pokud byste se cht\u011bli st\u00e1t na\u0161\u00edm \u010dlenem, kontaktujte jednatelku Janu Mare\u0161ovou.<\/p>\n","protected":false},"excerpt":{"rendered":"<p>P\u0159edsedkyn\u011b:Jana Fran\u010deov\u00e1 propust@seznam.cz+420 777 656 481 Jednatelka:Jana Mare\u0161ov\u00e1 jana.j.maresova@seznam.cz+420 603 329 215 Pokladn\u00edk:Diana Stuchl\u00edkov\u00e1 studiana@seznam.cz+420 606 642 054 Pokud byste se cht\u011bli st\u00e1t na\u0161\u00edm \u010dlenem, kontaktujte jednatelku Janu Mare\u0161ovou.<\/p>\n","protected":false},"author":1,"featured_media":0,"parent":0,"menu_order":0,"comment_status":"closed","ping_status":"closed","template":"","meta":{"footnotes":""},"class_list":["post-43","page","type-page","status-publish","hentry"],"_links":{"self":[{"href":"https:\/\/kocky-sfcp.cz\/r\/wp-json\/wp\/v2\/pages\/43","targetHints":{"allow":["GET"]}}],"collection":[{"href":"https:\/\/kocky-sfcp.cz\/r\/wp-json\/wp\/v2\/pages"}],"about":[{"href":"https:\/\/kocky-sfcp.cz\/r\/wp-json\/wp\/v2\/types\/page"}],"author":[{"embeddable":true,"href":"https:\/\/kocky-sfcp.cz\/r\/wp-json\/wp\/v2\/users\/1"}],"replies":[{"embeddable":true,"href":"https:\/\/kocky-sfcp.cz\/r\/wp-json\/wp\/v2\/comments?post=43"}],"version-history":[{"count":4,"href":"https:\/\/kocky-sfcp.cz\/r\/wp-json\/wp\/v2\/pages\/43\/revisions"}],"predecessor-version":[{"id":91,"href":"https:\/\/kocky-sfcp.cz\/r\/wp-json\/wp\/v2\/pages\/43\/revisions\/91"}],"wp:attachment":[{"href":"https:\/\/kocky-sfcp.cz\/r\/wp-json\/wp\/v2\/media?parent=43"}],"curies":[{"name":"wp","href":"https:\/\/api.w.org\/{rel}","templated":true}]}}