{"id":37,"date":"2023-05-03T00:39:56","date_gmt":"2023-05-02T22:39:56","guid":{"rendered":"https:\/\/kocky-sfcp.cz\/r\/?page_id=37"},"modified":"2023-05-08T18:45:59","modified_gmt":"2023-05-08T16:45:59","slug":"uvod","status":"publish","type":"page","link":"https:\/\/kocky-sfcp.cz\/r\/uvod\/","title":{"rendered":"O n\u00e1s"},"content":{"rendered":"\n<p>Na\u0161e organizace je \u010dlenem \u010cesk\u00e9ho svazu chovatel\u016f &#8211; Sdru\u017een\u00ed chovatel\u016f ko\u010dek (\u010cSCH-SCHK). Sdru\u017eujeme chovatele, vystavovatele a milovn\u00edky ko\u010dek. Na\u0161i \u010dlenov\u00e9 jsou p\u0159ev\u00e1\u017en\u011b z Prahy a dal\u0161\u00edch \u010d\u00e1st\u00ed \u010cech. V na\u0161\u00ed organizaci najdete zejm\u00e9na chovatele polodlouhosrst\u00fdch plemen.<\/p>\n\n\n\n<p><\/p>\n","protected":false},"excerpt":{"rendered":"<p>Na\u0161e organizace je \u010dlenem \u010cesk\u00e9ho svazu chovatel\u016f &#8211; Sdru\u017een\u00ed chovatel\u016f ko\u010dek (\u010cSCH-SCHK). Sdru\u017eujeme chovatele, vystavovatele a milovn\u00edky ko\u010dek. Na\u0161i \u010dlenov\u00e9 jsou p\u0159ev\u00e1\u017en\u011b z Prahy a dal\u0161\u00edch \u010d\u00e1st\u00ed \u010cech. V na\u0161\u00ed organizaci najdete zejm\u00e9na chovatele polodlouhosrst\u00fdch plemen.<\/p>\n","protected":false},"author":1,"featured_media":0,"parent":0,"menu_order":0,"comment_status":"closed","ping_status":"closed","template":"","meta":{"footnotes":""},"class_list":["post-37","page","type-page","status-publish","hentry"],"_links":{"self":[{"href":"https:\/\/kocky-sfcp.cz\/r\/wp-json\/wp\/v2\/pages\/37","targetHints":{"allow":["GET"]}}],"collection":[{"href":"https:\/\/kocky-sfcp.cz\/r\/wp-json\/wp\/v2\/pages"}],"about":[{"href":"https:\/\/kocky-sfcp.cz\/r\/wp-json\/wp\/v2\/types\/page"}],"author":[{"embeddable":true,"href":"https:\/\/kocky-sfcp.cz\/r\/wp-json\/wp\/v2\/users\/1"}],"replies":[{"embeddable":true,"href":"https:\/\/kocky-sfcp.cz\/r\/wp-json\/wp\/v2\/comments?post=37"}],"version-history":[{"count":5,"href":"https:\/\/kocky-sfcp.cz\/r\/wp-json\/wp\/v2\/pages\/37\/revisions"}],"predecessor-version":[{"id":90,"href":"https:\/\/kocky-sfcp.cz\/r\/wp-json\/wp\/v2\/pages\/37\/revisions\/90"}],"wp:attachment":[{"href":"https:\/\/kocky-sfcp.cz\/r\/wp-json\/wp\/v2\/media?parent=37"}],"curies":[{"name":"wp","href":"https:\/\/api.w.org\/{rel}","templated":true}]}}